{"id":296,"date":"2024-06-10T20:54:16","date_gmt":"2024-06-10T20:54:16","guid":{"rendered":"https:\/\/itamexwear.com\/?page_id=296"},"modified":"2024-06-10T21:05:19","modified_gmt":"2024-06-10T21:05:19","slug":"activities","status":"publish","type":"page","link":"https:\/\/itamexwear.com\/index.php\/activities\/","title":{"rendered":"ACTIVITIES"},"content":{"rendered":"\t\t<div data-elementor-type=\"wp-page\" data-elementor-id=\"296\" class=\"elementor elementor-296\">\n\t\t\t\t\t\t<section class=\"elementor-section elementor-top-section elementor-element elementor-element-9b63f07 elementor-section-boxed elementor-section-height-default elementor-section-height-default\" data-id=\"9b63f07\" data-element_type=\"section\" data-e-type=\"section\">\n\t\t\t\t\t\t<div class=\"elementor-container elementor-column-gap-default\">\n\t\t\t\t\t<div class=\"elementor-column elementor-col-100 elementor-top-column elementor-element elementor-element-7346450\" data-id=\"7346450\" data-element_type=\"column\" data-e-type=\"column\">\n\t\t\t<div class=\"elementor-widget-wrap elementor-element-populated\">\n\t\t\t\t\t\t<div class=\"elementor-element elementor-element-2d6d4e0 elementor-widget elementor-widget-heading\" data-id=\"2d6d4e0\" data-element_type=\"widget\" data-e-type=\"widget\" data-widget_type=\"heading.default\">\n\t\t\t\t<div class=\"elementor-widget-container\">\n\t\t\t\t\t<h2 class=\"elementor-heading-title elementor-size-default\"><span style=\"font-size: 3.0625rem;text-align: center\">BUSINESS BOOST<\/span><\/h2>\t\t\t\t<\/div>\n\t\t\t\t<\/div>\n\t\t\t\t<div class=\"elementor-element elementor-element-61f6d6f elementor-widget-divider--view-line elementor-widget elementor-widget-divider\" data-id=\"61f6d6f\" data-element_type=\"widget\" data-e-type=\"widget\" data-widget_type=\"divider.default\">\n\t\t\t\t<div class=\"elementor-widget-container\">\n\t\t\t\t\t\t\t<div class=\"elementor-divider\">\n\t\t\t<span class=\"elementor-divider-separator\">\n\t\t\t\t\t\t<\/span>\n\t\t<\/div>\n\t\t\t\t\t\t<\/div>\n\t\t\t\t<\/div>\n\t\t\t\t<div class=\"elementor-element elementor-element-d7a8df7 elementor-widget elementor-widget-text-editor\" data-id=\"d7a8df7\" data-element_type=\"widget\" data-e-type=\"widget\" data-widget_type=\"text-editor.default\">\n\t\t\t\t<div class=\"elementor-widget-container\">\n\t\t\t\t\t\t\t\t\t<p>We have a team of experts with significant experience in various business sectors at an international level, we can help companies in various areas: organisation, production, sales and marketing with the aim of maximizing results and rationalizing processes.<\/p><p>Contamos con un equipo de expertos con importante experiencia en diversos sectores empresariales a nivel internacional, podemos ayudar a las empresas en diversas \u00e1reas: organizaci\u00f3n, producci\u00f3n, comercial y marketing con el objetivo de maximizar resultados y racionalizar procesos.<\/p>\t\t\t\t\t\t\t\t<\/div>\n\t\t\t\t<\/div>\n\t\t\t\t\t<\/div>\n\t\t<\/div>\n\t\t\t\t\t<\/div>\n\t\t<\/section>\n\t\t\t\t<section class=\"elementor-section elementor-top-section elementor-element elementor-element-9424562 elementor-section-boxed elementor-section-height-default elementor-section-height-default\" data-id=\"9424562\" data-element_type=\"section\" data-e-type=\"section\">\n\t\t\t\t\t\t<div class=\"elementor-container elementor-column-gap-default\">\n\t\t\t\t\t<div class=\"elementor-column elementor-col-50 elementor-top-column elementor-element elementor-element-4c65326\" data-id=\"4c65326\" data-element_type=\"column\" data-e-type=\"column\">\n\t\t\t<div class=\"elementor-widget-wrap elementor-element-populated\">\n\t\t\t\t\t\t<div class=\"elementor-element elementor-element-edb46f0 elementor-widget elementor-widget-image\" data-id=\"edb46f0\" data-element_type=\"widget\" data-e-type=\"widget\" data-widget_type=\"image.default\">\n\t\t\t\t<div class=\"elementor-widget-container\">\n\t\t\t\t\t\t\t\t\t\t\t\t\t\t\t<img fetchpriority=\"high\" decoding=\"async\" width=\"920\" height=\"614\" src=\"https:\/\/itamexwear.com\/wp-content\/uploads\/2024\/06\/gestione-spazi-aziendali-1024x683-1.jpeg\" class=\"attachment-large size-large wp-image-305\" alt=\"\" srcset=\"https:\/\/itamexwear.com\/wp-content\/uploads\/2024\/06\/gestione-spazi-aziendali-1024x683-1.jpeg 1024w, https:\/\/itamexwear.com\/wp-content\/uploads\/2024\/06\/gestione-spazi-aziendali-1024x683-1-300x200.jpeg 300w, https:\/\/itamexwear.com\/wp-content\/uploads\/2024\/06\/gestione-spazi-aziendali-1024x683-1-768x512.jpeg 768w\" sizes=\"(max-width: 920px) 100vw, 920px\" \/>\t\t\t\t\t\t\t\t\t\t\t\t\t\t\t<\/div>\n\t\t\t\t<\/div>\n\t\t\t\t\t<\/div>\n\t\t<\/div>\n\t\t\t\t<div class=\"elementor-column elementor-col-50 elementor-top-column elementor-element elementor-element-deb90e6\" data-id=\"deb90e6\" data-element_type=\"column\" data-e-type=\"column\">\n\t\t\t<div class=\"elementor-widget-wrap elementor-element-populated\">\n\t\t\t\t\t\t<div class=\"elementor-element elementor-element-9eff24a elementor-widget elementor-widget-image\" data-id=\"9eff24a\" data-element_type=\"widget\" data-e-type=\"widget\" data-widget_type=\"image.default\">\n\t\t\t\t<div class=\"elementor-widget-container\">\n\t\t\t\t\t\t\t\t\t\t\t\t\t\t\t<img decoding=\"async\" width=\"673\" height=\"379\" src=\"https:\/\/itamexwear.com\/wp-content\/uploads\/2024\/06\/teamwork-1.jpeg\" class=\"attachment-large size-large wp-image-306\" alt=\"\" srcset=\"https:\/\/itamexwear.com\/wp-content\/uploads\/2024\/06\/teamwork-1.jpeg 673w, https:\/\/itamexwear.com\/wp-content\/uploads\/2024\/06\/teamwork-1-300x169.jpeg 300w\" sizes=\"(max-width: 673px) 100vw, 673px\" \/>\t\t\t\t\t\t\t\t\t\t\t\t\t\t\t<\/div>\n\t\t\t\t<\/div>\n\t\t\t\t\t<\/div>\n\t\t<\/div>\n\t\t\t\t\t<\/div>\n\t\t<\/section>\n\t\t\t\t<\/div>\n\t\t","protected":false},"excerpt":{"rendered":"<p>BUSINESS BOOST We have a team of experts with significant experience in various business sectors at an international level, we can help companies in various areas: organisation, production, sales and<\/p>\n<p class=\"more-link\"><a href=\"https:\/\/itamexwear.com\/index.php\/activities\/\" class=\"readmore\">Continue reading<svg class=\"icon icon-arrow-right\" aria-hidden=\"true\" role=\"img\"> <use href=\"#icon-arrow-right\" xlink:href=\"#icon-arrow-right\"><\/use> <\/svg><span class=\"screen-reader-text\">ACTIVITIES<\/span><\/a><\/p>\n","protected":false},"author":1,"featured_media":0,"parent":0,"menu_order":0,"comment_status":"closed","ping_status":"closed","template":"","meta":{"om_disable_all_campaigns":false,"_monsterinsights_skip_tracking":false,"_monsterinsights_sitenote_active":false,"_monsterinsights_sitenote_note":"","_monsterinsights_sitenote_category":0,"footnotes":""},"class_list":["post-296","page","type-page","status-publish","hentry"],"aioseo_notices":[],"_links":{"self":[{"href":"https:\/\/itamexwear.com\/index.php\/wp-json\/wp\/v2\/pages\/296","targetHints":{"allow":["GET"]}}],"collection":[{"href":"https:\/\/itamexwear.com\/index.php\/wp-json\/wp\/v2\/pages"}],"about":[{"href":"https:\/\/itamexwear.com\/index.php\/wp-json\/wp\/v2\/types\/page"}],"author":[{"embeddable":true,"href":"https:\/\/itamexwear.com\/index.php\/wp-json\/wp\/v2\/users\/1"}],"replies":[{"embeddable":true,"href":"https:\/\/itamexwear.com\/index.php\/wp-json\/wp\/v2\/comments?post=296"}],"version-history":[{"count":7,"href":"https:\/\/itamexwear.com\/index.php\/wp-json\/wp\/v2\/pages\/296\/revisions"}],"predecessor-version":[{"id":309,"href":"https:\/\/itamexwear.com\/index.php\/wp-json\/wp\/v2\/pages\/296\/revisions\/309"}],"wp:attachment":[{"href":"https:\/\/itamexwear.com\/index.php\/wp-json\/wp\/v2\/media?parent=296"}],"curies":[{"name":"wp","href":"https:\/\/api.w.org\/{rel}","templated":true}]}}